{"id":115,"date":"2025-03-18T22:58:27","date_gmt":"2025-03-18T21:58:27","guid":{"rendered":"https:\/\/szopbib.cluster100.hosting.ovh.net\/?page_id=115"},"modified":"2025-05-14T08:33:31","modified_gmt":"2025-05-14T06:33:31","slug":"kontakt","status":"publish","type":"page","link":"https:\/\/szopbierun.pl\/index.php\/kontakt\/","title":{"rendered":"Kontakt"},"content":{"rendered":"\n<div class=\"wp-block-nk-awb nk-awb nk-awb-fullheight nk-awb-content-valign-center alignfull welcome is-style-default\" style=\"min-height:1000px;margin-top:-70px;padding-top:0px;padding-right:30px;padding-bottom:0;padding-left:30px\"><div class=\"nk-awb-wrap\" data-awb-type=\"video\" data-awb-video=\"mp4:http:\/\/szopbierun.pl\/wp-content\/uploads\/2025\/03\/tlo.mp4\" data-awb-video-mobile=\"true\"><div class=\"nk-awb-inner\"><\/div><\/div><div class=\"nk-awb-wrap-content has-global-padding is-content-justification-center is-layout-constrained wp-container-nk-awb-is-layout-3db21600 wp-block-nk-awb-is-layout-constrained\">\n<h2 class=\"wp-block-heading has-text-align-center has-max-72-font-size\" style=\"margin-top:var(--wp--preset--spacing--x-small);margin-bottom:0px;letter-spacing:-1px\">Kontakt<\/h2>\n\n\n\n<p class=\"has-text-align-center\">Skontaktuj si\u0119 z nami, odpowiemy na twoje pytania.<\/p>\n\n\n\n<div class=\"wp-block-group alignfull has-global-padding is-layout-constrained wp-container-core-group-is-layout-2a0966ce wp-block-group-is-layout-constrained\" style=\"margin-top:0;padding-top:var(--wp--preset--spacing--x-large);padding-right:30px;padding-bottom:var(--wp--preset--spacing--x-large);padding-left:30px\">\n<div class=\"wp-block-group alignwide is-layout-flow wp-block-group-is-layout-flow\">\n<div class=\"wp-block-columns is-layout-flex wp-container-core-columns-is-layout-28f84493 wp-block-columns-is-layout-flex\">\n<div class=\"wp-block-column is-layout-flow wp-block-column-is-layout-flow\">\n<figure class=\"wp-block-image aligncenter size-full is-resized is-style-rounded wp-duotone-black-and-white\"><img loading=\"lazy\" decoding=\"async\" width=\"1024\" height=\"1024\" src=\"https:\/\/szopbierun.pl\/wp-content\/uploads\/2025\/03\/156dc669-867a-4fa1-a991-b708287fc61f.webp\" alt=\"\" class=\"wp-image-245\" style=\"object-fit:cover;width:150px;height:150px\" srcset=\"https:\/\/szopbierun.pl\/wp-content\/uploads\/2025\/03\/156dc669-867a-4fa1-a991-b708287fc61f.webp 1024w, https:\/\/szopbierun.pl\/wp-content\/uploads\/2025\/03\/156dc669-867a-4fa1-a991-b708287fc61f-300x300.webp 300w, https:\/\/szopbierun.pl\/wp-content\/uploads\/2025\/03\/156dc669-867a-4fa1-a991-b708287fc61f-150x150.webp 150w, https:\/\/szopbierun.pl\/wp-content\/uploads\/2025\/03\/156dc669-867a-4fa1-a991-b708287fc61f-768x768.webp 768w\" sizes=\"auto, (max-width: 1024px) 100vw, 1024px\" \/><\/figure>\n\n\n\n<h3 class=\"wp-block-heading has-text-align-center has-medium-font-size\" id=\"member-name-1\">Telefon<\/h3>\n\n\n\n<p class=\"has-text-align-center has-small-font-size\" style=\"line-height:1.5\">+48 693-760-006<\/p>\n\n\n\n<div class=\"wp-block-buttons is-content-justification-center is-layout-flex wp-container-core-buttons-is-layout-a89b3969 wp-block-buttons-is-layout-flex\">\n<div class=\"wp-block-button has-custom-width wp-block-button__width-100\"><a class=\"wp-block-button__link wp-element-button\" href=\"tel: +48693760006\" style=\"padding-top:var(--wp--preset--spacing--x-small);padding-right:var(--wp--preset--spacing--medium);padding-bottom:var(--wp--preset--spacing--x-small);padding-left:var(--wp--preset--spacing--medium)\">Zadzwo\u0144<\/a><\/div>\n<\/div>\n<\/div>\n\n\n\n<div class=\"wp-block-column is-layout-flow wp-block-column-is-layout-flow\">\n<figure class=\"wp-block-image aligncenter size-full is-resized is-style-rounded wp-duotone-black-and-white\"><img loading=\"lazy\" decoding=\"async\" width=\"1024\" height=\"1024\" src=\"https:\/\/szopbierun.pl\/wp-content\/uploads\/2025\/03\/7c0b92d0-35ed-46a6-9fb2-59ef4a16d449.webp\" alt=\"\" class=\"wp-image-246\" style=\"object-fit:cover;width:150px;height:150px\" srcset=\"https:\/\/szopbierun.pl\/wp-content\/uploads\/2025\/03\/7c0b92d0-35ed-46a6-9fb2-59ef4a16d449.webp 1024w, https:\/\/szopbierun.pl\/wp-content\/uploads\/2025\/03\/7c0b92d0-35ed-46a6-9fb2-59ef4a16d449-300x300.webp 300w, https:\/\/szopbierun.pl\/wp-content\/uploads\/2025\/03\/7c0b92d0-35ed-46a6-9fb2-59ef4a16d449-150x150.webp 150w, https:\/\/szopbierun.pl\/wp-content\/uploads\/2025\/03\/7c0b92d0-35ed-46a6-9fb2-59ef4a16d449-768x768.webp 768w\" sizes=\"auto, (max-width: 1024px) 100vw, 1024px\" \/><\/figure>\n\n\n\n<h3 class=\"wp-block-heading has-text-align-center has-medium-font-size\" id=\"member-name-1\">Adres<\/h3>\n\n\n\n<p class=\"has-text-align-center has-small-font-size\" style=\"line-height:1.7\">Bieru\u0144, ul. Lipcowa 9<\/p>\n\n\n\n<div class=\"wp-block-buttons is-content-justification-center is-layout-flex wp-container-core-buttons-is-layout-a89b3969 wp-block-buttons-is-layout-flex\">\n<div class=\"wp-block-button has-custom-width wp-block-button__width-100\"><a class=\"wp-block-button__link has-x-small-font-size has-custom-font-size wp-element-button\" href=\"https:\/\/www.google.com\/maps\/dir\/\/Szop+Pracz+-+Pranie+Tapicerki+%7C+Czyszczenie+Dywan%C3%B3w+Bieru%C5%84,+Lipcowa+9,+43-155+Bieru%C5%84\/@50.0672824,19.1512294,17z\/data=!4m9!4m8!1m0!1m5!1m1!1s0x4716bf6c46cc3c5b:0x566d4307776b18b3!2m2!1d19.1538043!2d50.067279!3e0?entry=ttu&amp;g_ep=EgoyMDI1MDMxOS4wIKXMDSoJLDEwMjExNDUzSAFQAw%3D%3D\" style=\"padding-top:var(--wp--preset--spacing--x-small);padding-right:var(--wp--preset--spacing--medium);padding-bottom:var(--wp--preset--spacing--x-small);padding-left:var(--wp--preset--spacing--medium)\">Ustaw Nawigacj\u0119<\/a><\/div>\n<\/div>\n<\/div>\n\n\n\n<div class=\"wp-block-column is-layout-flow wp-block-column-is-layout-flow\">\n<figure class=\"wp-block-image aligncenter size-full is-resized is-style-rounded wp-duotone-black-and-white\"><img loading=\"lazy\" decoding=\"async\" width=\"1024\" height=\"1024\" src=\"https:\/\/szopbierun.pl\/wp-content\/uploads\/2025\/03\/27cd9e05-f928-4b60-a803-142d19b1e3f6.webp\" alt=\"\" class=\"wp-image-247\" style=\"object-fit:cover;width:150px;height:150px\" srcset=\"https:\/\/szopbierun.pl\/wp-content\/uploads\/2025\/03\/27cd9e05-f928-4b60-a803-142d19b1e3f6.webp 1024w, https:\/\/szopbierun.pl\/wp-content\/uploads\/2025\/03\/27cd9e05-f928-4b60-a803-142d19b1e3f6-300x300.webp 300w, https:\/\/szopbierun.pl\/wp-content\/uploads\/2025\/03\/27cd9e05-f928-4b60-a803-142d19b1e3f6-150x150.webp 150w, https:\/\/szopbierun.pl\/wp-content\/uploads\/2025\/03\/27cd9e05-f928-4b60-a803-142d19b1e3f6-768x768.webp 768w\" sizes=\"auto, (max-width: 1024px) 100vw, 1024px\" \/><\/figure>\n\n\n\n<h3 class=\"wp-block-heading has-text-align-center has-medium-font-size\" id=\"member-name-1\">E-Mail <\/h3>\n\n\n\n<p class=\"has-text-align-center has-small-font-size\" style=\"line-height:1.5\">szopbierun@gmail.com<\/p>\n\n\n\n<div class=\"wp-block-buttons is-content-justification-center is-layout-flex wp-container-core-buttons-is-layout-a89b3969 wp-block-buttons-is-layout-flex\">\n<div class=\"wp-block-button has-custom-width wp-block-button__width-100\"><a class=\"wp-block-button__link wp-element-button\" href=\"mailto:szopbierun@gmail.com\" style=\"padding-top:var(--wp--preset--spacing--x-small);padding-right:var(--wp--preset--spacing--medium);padding-bottom:var(--wp--preset--spacing--x-small);padding-left:var(--wp--preset--spacing--medium)\">Napisz mail<\/a><\/div>\n<\/div>\n<\/div>\n\n\n\n<div class=\"wp-block-column is-layout-flow wp-block-column-is-layout-flow\">\n<figure class=\"wp-block-image aligncenter size-full is-resized is-style-rounded wp-duotone-black-and-white\"><img loading=\"lazy\" decoding=\"async\" width=\"1024\" height=\"1024\" src=\"https:\/\/szopbierun.pl\/wp-content\/uploads\/2025\/03\/82b0f507-6b8e-4826-8b4b-37ec0c7473b0.webp\" alt=\"\" class=\"wp-image-248\" style=\"object-fit:cover;width:150px;height:150px\" srcset=\"https:\/\/szopbierun.pl\/wp-content\/uploads\/2025\/03\/82b0f507-6b8e-4826-8b4b-37ec0c7473b0.webp 1024w, https:\/\/szopbierun.pl\/wp-content\/uploads\/2025\/03\/82b0f507-6b8e-4826-8b4b-37ec0c7473b0-300x300.webp 300w, https:\/\/szopbierun.pl\/wp-content\/uploads\/2025\/03\/82b0f507-6b8e-4826-8b4b-37ec0c7473b0-150x150.webp 150w, https:\/\/szopbierun.pl\/wp-content\/uploads\/2025\/03\/82b0f507-6b8e-4826-8b4b-37ec0c7473b0-768x768.webp 768w\" sizes=\"auto, (max-width: 1024px) 100vw, 1024px\" \/><\/figure>\n\n\n\n<h3 class=\"wp-block-heading has-text-align-center has-medium-font-size\" id=\"member-name-1\">Facebook<\/h3>\n\n\n\n<p class=\"has-text-align-center has-small-font-size\" style=\"line-height:1.5\">Nasz Facebook<\/p>\n\n\n\n<div class=\"wp-block-buttons is-content-justification-center is-layout-flex wp-container-core-buttons-is-layout-a89b3969 wp-block-buttons-is-layout-flex\">\n<div class=\"wp-block-button has-custom-width wp-block-button__width-100\"><a class=\"wp-block-button__link wp-element-button\" href=\"https:\/\/www.facebook.com\/profile.php?id=61550091282362\" style=\"padding-top:var(--wp--preset--spacing--x-small);padding-right:var(--wp--preset--spacing--medium);padding-bottom:var(--wp--preset--spacing--x-small);padding-left:var(--wp--preset--spacing--medium)\">Zobacz profil<\/a><\/div>\n<\/div>\n<\/div>\n<\/div>\n<\/div>\n<\/div>\n\n\n\n<div class=\"wp-block-columns is-layout-flex wp-container-core-columns-is-layout-28f84493 wp-block-columns-is-layout-flex\">\n<div class=\"wp-block-column is-layout-flow wp-block-column-is-layout-flow\"><\/div>\n<\/div>\n<\/div><\/div>\n\n\n\n<div class=\"wp-block-columns alignfull are-vertically-aligned-center is-layout-flex wp-container-core-columns-is-layout-f732cb08 wp-block-columns-is-layout-flex\" style=\"border-style:none;border-width:0px;margin-top:0;margin-bottom:0\">\n<div class=\"wp-block-column is-vertically-aligned-center is-layout-flow wp-block-column-is-layout-flow\" style=\"flex-basis:100%\">\n<iframe src=\"https:\/\/www.google.com\/maps\/embed?pb=!1m18!1m12!1m3!1d2561.0149099206087!2d19.151229376832887!3d50.06728241487838!2m3!1f0!2f0!3f0!3m2!1i1024!2i768!4f13.1!3m3!1m2!1s0x4716bf6c46cc3c5b%3A0x566d4307776b18b3!2sSzop%20Pracz%20-%20Pranie%20Tapicerki%20%7C%20Czyszczenie%20Dywan%C3%B3w%20Bieru%C5%84!5e0!3m2!1spl!2spl!4v1742504806924!5m2!1spl!2spl\" width=\"100%\" height=\"550\" style=\"border:0;\" allowfullscreen=\"\" loading=\"lazy\" referrerpolicy=\"no-referrer-when-downgrade\"><\/iframe> <meta name=\"viewport\" content=\"width=device-width, initial-scale=1\">\n\n\n\n<div class=\"wp-block-nk-awb nk-awb nk-awb-fullheight nk-awb-content-valign-center alignfull welcome is-style-default\" style=\"min-height:677px;margin-top:-70px;margin-bottom:-120px;padding-top:0px;padding-right:30px;padding-bottom:0px;padding-left:30px\"><div class=\"nk-awb-wrap\" data-awb-type=\"video\" data-awb-video=\"mp4:http:\/\/szopbierun.pl\/wp-content\/uploads\/2025\/03\/tlo.mp4\" data-awb-video-mobile=\"true\"><div class=\"nk-awb-inner\"><\/div><\/div><div class=\"nk-awb-wrap-content has-global-padding is-content-justification-center is-layout-constrained wp-container-nk-awb-is-layout-8986a013 wp-block-nk-awb-is-layout-constrained\">\n<figure class=\"wp-block-image aligncenter size-full is-resized\"><img loading=\"lazy\" decoding=\"async\" width=\"350\" height=\"100\" src=\"https:\/\/szopbierun.pl\/wp-content\/uploads\/2025\/03\/Projekt-bez-nazwy-4-1.png\" alt=\"\" class=\"wp-image-153\" style=\"width:402px;height:auto\" srcset=\"https:\/\/szopbierun.pl\/wp-content\/uploads\/2025\/03\/Projekt-bez-nazwy-4-1.png 350w, https:\/\/szopbierun.pl\/wp-content\/uploads\/2025\/03\/Projekt-bez-nazwy-4-1-300x86.png 300w\" sizes=\"auto, (max-width: 350px) 100vw, 350px\" \/><\/figure>\n\n\n\n<h2 class=\"wp-block-heading alignfull has-text-align-center has-x-large-font-size\" id=\"image-heading-text-buttons\" style=\"margin-top:0;margin-bottom:var(--wp--preset--spacing--small)\">Dzia\u0142amy na terenie wojew\u00f3dztwa \u015bl\u0105skiego i ma\u0142opolskiego<\/h2>\n\n\n\n<p class=\"has-text-align-center\"><\/p>\n\n\n\n<p><\/p>\n\n\n\n<p class=\"has-text-align-center\"><strong>Tychy &#8211; Katowice &#8211; Chorz\u00f3w &#8211; Sosnowiec &#8211; Mys\u0142owice &#8211; Jaworzno- L\u0119dziny &#8211; Bieru\u0144 &#8211; Imielin &#8211; Che\u0142m \u015al\u0105ski &#8211; O\u015bwi\u0119cim &#8211; Kobi\u00f3r &#8211; Pszczyna &#8211; Wyry &#8211; \u0141aziska G\u00f3rne &#8211; Miko\u0142\u00f3w &#8211; Jaworzno &#8211; Bielsko Bia\u0142a &#8211; B\u0119dzin &#8211; Czechowice Dziedzice &#8211; Chrzan\u00f3w &#8211; Libi\u0105\u017c &#8211; Brzeszcze &#8211; Che\u0142mek &#8211; Trzebinia &#8211;<\/strong><\/p>\n\n\n\n<div class=\"wp-block-buttons alignfull is-horizontal is-content-justification-center is-layout-flex wp-container-core-buttons-is-layout-03627597 wp-block-buttons-is-layout-flex\">\n<div class=\"wp-block-button is-style-outline is-style-outline--1\"><a class=\"wp-block-button__link has-contrast-color has-base-background-color has-text-color has-background has-link-color wp-element-button\" href=\"tel: +48693760006\">Zadzwo\u0144 teraz : 693 760 006<\/a><\/div>\n\n\n\n<div class=\"wp-block-button is-style-outline is-style-outline--2\"><a class=\"wp-block-button__link has-contrast-color has-base-background-color has-text-color has-background has-link-color wp-element-button\" href=\"https:\/\/maps.app.goo.gl\/oSDPEgrXxAZL5N8N8\" target=\"_blank\" rel=\"noreferrer noopener\">Adres: 43-155 Bieru\u0144, ul. Lipcowa 9 <\/a><\/div>\n\n\n\n<div class=\"wp-block-button is-style-outline is-style-outline--3\"><a class=\"wp-block-button__link has-contrast-color has-base-background-color has-text-color has-background has-link-color wp-element-button\" href=\"mailto:szopbierun@gmail.com\">Lub napisz do nas: szopbierun@gmail.com<\/a><\/div>\n<\/div>\n\n\n\n<div class=\"wp-block-columns is-layout-flex wp-container-core-columns-is-layout-28f84493 wp-block-columns-is-layout-flex\">\n<div class=\"wp-block-column is-layout-flow wp-block-column-is-layout-flow\"><\/div>\n<\/div>\n<\/div><\/div>\n<\/div>\n<\/div>\n\n\n\n<p><\/p>\n","protected":false},"excerpt":{"rendered":"","protected":false},"author":1,"featured_media":0,"parent":0,"menu_order":0,"comment_status":"closed","ping_status":"closed","template":"","meta":{"footnotes":""},"class_list":["post-115","page","type-page","status-publish","hentry"],"_links":{"self":[{"href":"https:\/\/szopbierun.pl\/index.php\/wp-json\/wp\/v2\/pages\/115","targetHints":{"allow":["GET"]}}],"collection":[{"href":"https:\/\/szopbierun.pl\/index.php\/wp-json\/wp\/v2\/pages"}],"about":[{"href":"https:\/\/szopbierun.pl\/index.php\/wp-json\/wp\/v2\/types\/page"}],"author":[{"embeddable":true,"href":"https:\/\/szopbierun.pl\/index.php\/wp-json\/wp\/v2\/users\/1"}],"replies":[{"embeddable":true,"href":"https:\/\/szopbierun.pl\/index.php\/wp-json\/wp\/v2\/comments?post=115"}],"version-history":[{"count":75,"href":"https:\/\/szopbierun.pl\/index.php\/wp-json\/wp\/v2\/pages\/115\/revisions"}],"predecessor-version":[{"id":751,"href":"https:\/\/szopbierun.pl\/index.php\/wp-json\/wp\/v2\/pages\/115\/revisions\/751"}],"wp:attachment":[{"href":"https:\/\/szopbierun.pl\/index.php\/wp-json\/wp\/v2\/media?parent=115"}],"curies":[{"name":"wp","href":"https:\/\/api.w.org\/{rel}","templated":true}]}}