{"id":196,"date":"2025-03-18T23:48:16","date_gmt":"2025-03-18T22:48:16","guid":{"rendered":"https:\/\/szopbierun.pl\/?page_id=196"},"modified":"2025-03-23T23:04:33","modified_gmt":"2025-03-23T22:04:33","slug":"o-nas-2","status":"publish","type":"page","link":"https:\/\/szopbierun.pl\/index.php\/o-nas-2\/","title":{"rendered":"O nas"},"content":{"rendered":"\n<div class=\"wp-block-nk-awb nk-awb nk-awb-fullheight nk-awb-content-valign-center alignfull welcome is-style-default\" style=\"min-height:1000px;margin-top:-70px;padding-top:0px;padding-right:30px;padding-bottom:0;padding-left:30px\"><div class=\"nk-awb-wrap\" data-awb-type=\"video\" data-awb-video=\"mp4:http:\/\/szopbierun.pl\/wp-content\/uploads\/2025\/03\/tlo.mp4\" data-awb-video-mobile=\"true\"><div class=\"nk-awb-inner\"><\/div><\/div><div class=\"nk-awb-wrap-content has-global-padding is-content-justification-center is-layout-constrained wp-container-nk-awb-is-layout-3db21600 wp-block-nk-awb-is-layout-constrained\">\n<div class=\"wp-block-group alignfull welcome has-global-padding is-content-justification-center is-layout-constrained wp-container-core-group-is-layout-5906b3de wp-block-group-is-layout-constrained\" style=\"margin-top:-50px;margin-bottom:0;padding-top:70px;padding-right:30px;padding-bottom:var(--wp--preset--spacing--medium);padding-left:30px\">\n<h2 class=\"wp-block-heading alignfull has-text-align-center has-max-72-font-size\" style=\"margin-bottom:0px;letter-spacing:-1px\"> Dowiedz si\u0119 o nas<\/h2>\n\n\n\n<p class=\"has-text-align-center has-large-font-size\">Kim jeste\u015bmy,  jak dzia\u0142amy <\/p>\n<\/div>\n\n\n\n<div class=\"wp-block-group alignfull has-global-padding is-layout-constrained wp-block-group-is-layout-constrained\">\n<h2 class=\"wp-block-heading has-text-align-center has-max-60-font-size\" id=\"text-on-left-image-on-right\" style=\"letter-spacing:-1px\"><img loading=\"lazy\" decoding=\"async\" width=\"340\" height=\"97\" class=\"wp-image-77\" style=\"width: 340px;\" src=\"http:\/\/szopbierun.pl\/wp-content\/uploads\/2025\/03\/Projekt-bez-nazwy-3.png\" alt=\"\"><\/h2>\n\n\n\n<p class=\"has-text-align-center\" style=\"line-height:1.5\">Czysto\u015b\u0107, \u015bwie\u017co\u015b\u0107 i profesjonalizm \u2013 to my!<\/p>\n\n\n\n<p class=\"has-text-align-center\">specjalizujemy si\u0119 w praniu tapicerki meblowej i samochodowej. Usuwamy plamy, kurz, alergeny i nieprzyjemne zapachy, przywracaj\u0105c Twoim meblom i wn\u0119trzu auta \u015bwie\u017cy wygl\u0105d oraz higieniczn\u0105 czysto\u015b\u0107.<\/p>\n\n\n\n<p class=\"has-text-align-center\" style=\"line-height:1.5\">Dzi\u0119ki nowoczesnym metodom czyszczenia i bezpiecznym \u015brodkom pior\u0105cym skutecznie radzimy sobie z zabrudzeniami na sofach, fotelach, naro\u017cnikach, materacach, dywanach oraz tapicerce samochodowej. Dbamy o ka\u017cdy detal, bo Twoje zadowolenie jest dla nas najwa\u017cniejsze!<\/p>\n<\/div>\n\n\n\n<div class=\"wp-block-group alignfull has-global-padding is-layout-constrained wp-container-core-group-is-layout-2a0966ce wp-block-group-is-layout-constrained\" style=\"margin-top:0;padding-top:var(--wp--preset--spacing--x-large);padding-right:30px;padding-bottom:var(--wp--preset--spacing--x-large);padding-left:30px\">\n<div class=\"wp-block-group is-layout-flow wp-container-core-group-is-layout-da1d6529 wp-block-group-is-layout-flow\">\n<h2 class=\"wp-block-heading has-text-align-center has-max-48-font-size\" id=\"block-patterns\" style=\"margin-bottom:0px\">Jak dzia\u0142amy?<\/h2>\n\n\n\n<p class=\"has-text-align-center\" style=\"margin-bottom:var(--wp--preset--spacing--medium)\">Jeste\u015bmy profesjonaln\u0105 firm\u0105 specjalizuj\u0105c\u0105 si\u0119 w praniu tapicerki meblowej i samochodowej. Dzia\u0142amy wed\u0142ug sprawdzonego procesu, kt\u00f3ry gwarantuje najwy\u017csz\u0105 jako\u015b\u0107 us\u0142ug i pe\u0142ne zadowolenie naszych klient\u00f3w.<\/p>\n<\/div>\n\n\n\n<div class=\"wp-block-group alignwide is-layout-flow wp-block-group-is-layout-flow\">\n<div class=\"wp-block-columns is-layout-flex wp-container-core-columns-is-layout-28f84493 wp-block-columns-is-layout-flex\">\n<div class=\"wp-block-column is-layout-flow wp-block-column-is-layout-flow\">\n<figure class=\"wp-block-image aligncenter size-full is-style-default wp-duotone-black-and-white\"><img loading=\"lazy\" decoding=\"async\" width=\"1024\" height=\"1024\" src=\"https:\/\/szopbib.cluster100.hosting.ovh.net\/wp-content\/uploads\/2025\/03\/c6d3a6b6-77ab-42dd-820d-3d8dc6038117.webp\" alt=\"\" class=\"wp-image-141\" srcset=\"https:\/\/szopbierun.pl\/wp-content\/uploads\/2025\/03\/c6d3a6b6-77ab-42dd-820d-3d8dc6038117.webp 1024w, https:\/\/szopbierun.pl\/wp-content\/uploads\/2025\/03\/c6d3a6b6-77ab-42dd-820d-3d8dc6038117-300x300.webp 300w, https:\/\/szopbierun.pl\/wp-content\/uploads\/2025\/03\/c6d3a6b6-77ab-42dd-820d-3d8dc6038117-150x150.webp 150w, https:\/\/szopbierun.pl\/wp-content\/uploads\/2025\/03\/c6d3a6b6-77ab-42dd-820d-3d8dc6038117-768x768.webp 768w\" sizes=\"auto, (max-width: 1024px) 100vw, 1024px\" \/><\/figure>\n\n\n\n<h3 class=\"wp-block-heading has-text-align-center has-medium-font-size\" id=\"member-name-1\"><strong>Kontakt i rezerwacja<\/strong><\/h3>\n\n\n\n<p class=\"has-text-align-left\" style=\"line-height:1.5\"><strong>Skontaktuj si\u0119 z nami telefonicznie lub online, aby ustali\u0107 dogodny termin wizyty. Ch\u0119tnie doradzimy i odpowiemy na wszelkie pytania dotycz\u0105ce naszych us\u0142ug.<\/strong><\/p>\n<\/div>\n\n\n\n<div class=\"wp-block-column is-layout-flow wp-block-column-is-layout-flow\">\n<figure class=\"wp-block-image aligncenter size-full wp-duotone-black-and-white\"><img loading=\"lazy\" decoding=\"async\" width=\"1024\" height=\"1024\" src=\"https:\/\/szopbib.cluster100.hosting.ovh.net\/wp-content\/uploads\/2025\/03\/7f576556-6ef7-4f36-8562-70a6237ba08f.webp\" alt=\"\" class=\"wp-image-142\" srcset=\"https:\/\/szopbierun.pl\/wp-content\/uploads\/2025\/03\/7f576556-6ef7-4f36-8562-70a6237ba08f.webp 1024w, https:\/\/szopbierun.pl\/wp-content\/uploads\/2025\/03\/7f576556-6ef7-4f36-8562-70a6237ba08f-300x300.webp 300w, https:\/\/szopbierun.pl\/wp-content\/uploads\/2025\/03\/7f576556-6ef7-4f36-8562-70a6237ba08f-150x150.webp 150w, https:\/\/szopbierun.pl\/wp-content\/uploads\/2025\/03\/7f576556-6ef7-4f36-8562-70a6237ba08f-768x768.webp 768w\" sizes=\"auto, (max-width: 1024px) 100vw, 1024px\" \/><\/figure>\n\n\n\n<h3 class=\"wp-block-heading has-text-align-center has-medium-font-size\" id=\"member-name-1\"><strong>Przygotowanie<\/strong><\/h3>\n\n\n\n<p class=\"has-text-align-left\" style=\"line-height:1.5\"><strong>Na miejscu dok\u0142adnie oceniamy stan tapicerki i dobieramy odpowiednie \u015brodki czyszcz\u0105ce oraz metod\u0119 prania. Przed rozpocz\u0119ciem pracy zabezpieczamy otoczenie, aby unikn\u0105\u0107 przypadkowych zabrudze\u0144.<\/strong><\/p>\n<\/div>\n\n\n\n<div class=\"wp-block-column is-layout-flow wp-block-column-is-layout-flow\">\n<figure class=\"wp-block-image aligncenter size-full wp-duotone-black-and-white\"><img loading=\"lazy\" decoding=\"async\" width=\"1024\" height=\"1024\" src=\"https:\/\/szopbib.cluster100.hosting.ovh.net\/wp-content\/uploads\/2025\/03\/441887e9-ce22-4d16-872c-74c12878da42.webp\" alt=\"\" class=\"wp-image-143\" srcset=\"https:\/\/szopbierun.pl\/wp-content\/uploads\/2025\/03\/441887e9-ce22-4d16-872c-74c12878da42.webp 1024w, https:\/\/szopbierun.pl\/wp-content\/uploads\/2025\/03\/441887e9-ce22-4d16-872c-74c12878da42-300x300.webp 300w, https:\/\/szopbierun.pl\/wp-content\/uploads\/2025\/03\/441887e9-ce22-4d16-872c-74c12878da42-150x150.webp 150w, https:\/\/szopbierun.pl\/wp-content\/uploads\/2025\/03\/441887e9-ce22-4d16-872c-74c12878da42-768x768.webp 768w\" sizes=\"auto, (max-width: 1024px) 100vw, 1024px\" \/><\/figure>\n\n\n\n<h3 class=\"wp-block-heading has-text-align-center has-medium-font-size\" id=\"member-name-1\"><strong>Pranie tapicerki<\/strong><\/h3>\n\n\n\n<p style=\"line-height:1.5\"><strong>Skutecznie usuwamy zabrudzenia, roztocza i nieprzyjemne zapachy. W zale\u017cno\u015bci od rodzaju materia\u0142u u\u017cywamy odpowiednich detergent\u00f3w, kt\u00f3re s\u0105 bezpieczne dla tkanin i \u015brodowiska<\/strong><\/p>\n<\/div>\n\n\n\n<div class=\"wp-block-column is-layout-flow wp-block-column-is-layout-flow\">\n<figure class=\"wp-block-image aligncenter size-full wp-duotone-black-and-white\"><img loading=\"lazy\" decoding=\"async\" width=\"1024\" height=\"1024\" src=\"https:\/\/szopbib.cluster100.hosting.ovh.net\/wp-content\/uploads\/2025\/03\/77c4d0b3-e679-4bab-9fd2-36ab10cd7b3d.webp\" alt=\"\" class=\"wp-image-144\" srcset=\"https:\/\/szopbierun.pl\/wp-content\/uploads\/2025\/03\/77c4d0b3-e679-4bab-9fd2-36ab10cd7b3d.webp 1024w, https:\/\/szopbierun.pl\/wp-content\/uploads\/2025\/03\/77c4d0b3-e679-4bab-9fd2-36ab10cd7b3d-300x300.webp 300w, https:\/\/szopbierun.pl\/wp-content\/uploads\/2025\/03\/77c4d0b3-e679-4bab-9fd2-36ab10cd7b3d-150x150.webp 150w, https:\/\/szopbierun.pl\/wp-content\/uploads\/2025\/03\/77c4d0b3-e679-4bab-9fd2-36ab10cd7b3d-768x768.webp 768w\" sizes=\"auto, (max-width: 1024px) 100vw, 1024px\" \/><\/figure>\n\n\n\n<h3 class=\"wp-block-heading has-text-align-center has-medium-font-size\" id=\"member-name-1\"><strong>Satysfakcja klienta<\/strong><\/h3>\n\n\n\n<p class=\"has-text-align-left\" style=\"line-height:1.5\"><strong>Twoje zadowolenie jest dla nas priorytetem! Po wykonanej us\u0142udze przekazujemy wskaz\u00f3wki dotycz\u0105ce piel\u0119gnacji tapicerki, aby cieszy\u0142a si\u0119 \u015bwie\u017co\u015bci\u0105 na d\u0142u\u017cej.<\/strong><\/p>\n<\/div>\n<\/div>\n<\/div>\n<\/div>\n<\/div><\/div>\n\n\n\n<div class=\"wp-block-nk-awb nk-awb nk-awb-fullheight nk-awb-content-valign-bottom alignfull welcome is-style-default\" style=\"min-height:1000px;margin-top:-50px;margin-bottom:-80px;padding-top:0px;padding-right:46px;padding-bottom:0;padding-left:31px\"><div class=\"nk-awb-wrap\" data-awb-type=\"video\" data-awb-video=\"mp4:http:\/\/szopbierun.pl\/wp-content\/uploads\/2025\/03\/tlo.mp4\" data-awb-video-mobile=\"true\"><div class=\"nk-awb-inner\"><\/div><\/div><div class=\"nk-awb-wrap-content has-global-padding is-content-justification-center is-layout-constrained wp-container-nk-awb-is-layout-45dcc7a3 wp-block-nk-awb-is-layout-constrained\">\n<div class=\"wp-block-nk-awb nk-awb nk-awb-fullheight nk-awb-content-valign-center alignfull welcome is-style-default\" style=\"min-height:1000px;padding-top:0px;padding-right:30px;padding-bottom:var(--wp--preset--spacing--x-large);padding-left:30px\"><div class=\"nk-awb-wrap\" data-awb-type=\"video\" data-awb-video=\"mp4:http:\/\/szopbierun.pl\/wp-content\/uploads\/2025\/03\/tlo.mp4\" data-awb-video-mobile=\"true\"><div class=\"nk-awb-inner\"><\/div><\/div><div class=\"nk-awb-wrap-content has-global-padding is-content-justification-center is-layout-constrained wp-container-nk-awb-is-layout-f3dec4d0 wp-block-nk-awb-is-layout-constrained\">\n<h1 class=\"wp-block-heading alignwide has-text-align-center\">\ud83c\udfc6 <strong>Najlepsi w powiecie Bieru\u0144sko-L\u0119dzi\u0144skim!<\/strong> \ud83c\udfc6 <\/h1>\n\n\n\n<div class=\"wp-block-group alignfull has-global-padding is-layout-constrained wp-container-core-group-is-layout-1dfb50f8 wp-block-group-is-layout-constrained\" style=\"border-radius:0px;min-height:0px;margin-bottom:-70px;padding-top:0;padding-right:30px;padding-bottom:0;padding-left:0px\">\n<div class=\"wp-block-columns alignwide are-vertically-aligned-center is-style-columns-reverse is-layout-flex wp-container-core-columns-is-layout-a4fa4f99 wp-block-columns-is-layout-flex\" style=\"margin-top:var(--wp--preset--spacing--medium);margin-bottom:var(--wp--preset--spacing--medium)\">\n<div class=\"wp-block-column is-vertically-aligned-center is-layout-flow wp-block-column-is-layout-flow\">\n<div class=\"wp-block-group has-global-padding is-content-justification-left is-layout-constrained wp-container-core-group-is-layout-67883db5 wp-block-group-is-layout-constrained\">\n<h2 class=\"wp-block-heading has-max-36-font-size\" id=\"text-on-left-image-on-right\">Laureaci Or\u0142y Czysto\u015bci \ud83c\udfc6 <\/h2>\n\n\n\n<p>Nasza firma zdoby\u0142a <strong>1 miejsce w powiecie bieru\u0144sko-l\u0119dzi\u0144skim<\/strong> w kategorii <strong>prania tapicerki<\/strong> w plebiscycie <strong>Or\u0142y Czysto\u015bci<\/strong>! z po\u015br\u00f3d 13 innych firm. Stawiamy na nowoczesne technologie, sprawdzone \u015brodki czyszcz\u0105ce i nieustanny rozw\u00f3j, aby zapewni\u0107 najlepsze efekty czyszczenia tapicerki.<\/p>\n\n\n\n<div class=\"wp-block-buttons is-layout-flex wp-block-buttons-is-layout-flex\">\n<div class=\"wp-block-button has-custom-width wp-block-button__width-75 is-style-outline is-style-outline--1\"><a class=\"wp-block-button__link has-contrast-color has-base-background-color has-text-color has-background has-text-align-center wp-element-button\" href=\"https:\/\/www.orlyczystosci.pl\/county-174-bierunsko-ledzinski\" style=\"border-style:none;border-width:0px;padding-top:var(--wp--preset--spacing--x-small);padding-right:0;padding-bottom:var(--wp--preset--spacing--x-small);padding-left:0\">Czytaj wi\u0119cej<\/a><\/div>\n<\/div>\n<\/div>\n<\/div>\n\n\n\n<div class=\"wp-block-column is-vertically-aligned-center is-layout-flow wp-block-column-is-layout-flow\">\n<figure class=\"wp-block-image size-full\" style=\"margin-right:0;margin-left:0\"><img loading=\"lazy\" decoding=\"async\" width=\"549\" height=\"338\" src=\"https:\/\/szopbierun.pl\/wp-content\/uploads\/2025\/03\/25.png\" alt=\"\" class=\"wp-image-346\" style=\"aspect-ratio:16\/9;object-fit:cover\" srcset=\"https:\/\/szopbierun.pl\/wp-content\/uploads\/2025\/03\/25.png 549w, https:\/\/szopbierun.pl\/wp-content\/uploads\/2025\/03\/25-300x185.png 300w\" sizes=\"auto, (max-width: 549px) 100vw, 549px\" \/><\/figure>\n<\/div>\n<\/div>\n\n\n\n<hr class=\"wp-block-separator has-alpha-channel-opacity is-style-wide\"\/>\n\n\n\n<h1 class=\"wp-block-heading alignwide has-text-align-center\">Nieustanny rozw\u00f3j <\/h1>\n\n\n\n<p class=\"has-text-align-center\">Jako firma specjalizuj\u0105ca si\u0119 w profesjonalnym praniu tapicerki materia\u0142owej oraz czyszczeniu sk\u00f3r, nieustannie podnosimy nasze kwalifikacje, aby zapewni\u0107 najwy\u017cszy standard us\u0142ug. Wierzymy, \u017ce wiedza i do\u015bwiadczenie to klucz do skutecznego i bezpiecznego czyszczenia, dlatego regularnie uczestniczymy w szkoleniach  i warsztatach doskonal\u0105cych. Pozwalaj\u0105 nam one poznawa\u0107 najnowsze technologie, innowacyjne \u015brodki czyszcz\u0105ce oraz najlepsze metody piel\u0119gnacji r\u00f3\u017cnego rodzaju materia\u0142\u00f3w.<\/p>\n\n\n\n<hr class=\"wp-block-separator has-alpha-channel-opacity is-style-wide\"\/>\n\n\n\n<p class=\"has-text-align-center\">Wiemy, \u017ce tapicerka i sk\u00f3ra to materia\u0142y wymagaj\u0105ce indywidualnego podej\u015bcia \u2013 r\u00f3\u017cni\u0105 si\u0119 struktur\u0105, w\u0142a\u015bciwo\u015bciami i reakcj\u0105 na r\u00f3\u017cne \u015brodki chemiczne. Dlatego stale poszerzamy nasz\u0105 wiedz\u0119, testujemy nowe preparaty i dobieramy jedynie sprawdzone, certyfikowane produkty, kt\u00f3re skutecznie usuwaj\u0105 zabrudzenia, a jednocze\u015bnie s\u0105 bezpieczne dla powierzchni. Nasza znajomo\u015b\u0107 sk\u0142adu \u015brodk\u00f3w pozwala nam stosowa\u0107 najefektywniejsze rozwi\u0105zania dostosowane do konkretnego rodzaju materia\u0142u.<\/p>\n\n\n\n<hr class=\"wp-block-separator has-alpha-channel-opacity is-style-wide\"\/>\n\n\n\n<p class=\"has-text-align-center\">Opr\u00f3cz szkole\u0144 z zakresu czyszczenia tapicerki i sk\u00f3r, regularnie poszerzamy nasz\u0105 wiedz\u0119 o ekologicznym i bezpiecznym podej\u015bciu do piel\u0119gnacji powierzchni. Stawiamy na technologie przyjazne \u015brodowisku, kt\u00f3re nie tylko skutecznie usuwaj\u0105 zabrudzenia, ale tak\u017ce minimalizuj\u0105 wp\u0142yw na otoczenie i zdrowie naszych klient\u00f3w. Inwestujemy w nowoczesny sprz\u0119t, kt\u00f3ry pozwala nam pracowa\u0107 jeszcze efektywniej i dok\u0142adniej.<\/p>\n\n\n\n<hr class=\"wp-block-separator has-alpha-channel-opacity is-style-wide\"\/>\n\n\n\n<p class=\"has-text-align-center\">Nasz\u0105 misj\u0105 jest dostarczanie us\u0142ug na najwy\u017cszym poziomie, dlatego nie zatrzymujemy si\u0119 w miejscu \u2013 stale si\u0119 rozwijamy, doskonalimy nasze metody i wdra\u017camy nowe rozwi\u0105zania. Dzi\u0119ki temu nasi klienci mog\u0105 mie\u0107 pewno\u015b\u0107, \u017ce ich tapicerka i sk\u00f3ra s\u0105 w najlepszych r\u0119kach.<\/p>\n<\/div>\n\n\n\n<p><\/p>\n\n\n\n<p><\/p>\n<\/div><\/div>\n<\/div><\/div>\n","protected":false},"excerpt":{"rendered":"","protected":false},"author":1,"featured_media":0,"parent":0,"menu_order":0,"comment_status":"closed","ping_status":"closed","template":"","meta":{"footnotes":""},"class_list":["post-196","page","type-page","status-publish","hentry"],"_links":{"self":[{"href":"https:\/\/szopbierun.pl\/index.php\/wp-json\/wp\/v2\/pages\/196","targetHints":{"allow":["GET"]}}],"collection":[{"href":"https:\/\/szopbierun.pl\/index.php\/wp-json\/wp\/v2\/pages"}],"about":[{"href":"https:\/\/szopbierun.pl\/index.php\/wp-json\/wp\/v2\/types\/page"}],"author":[{"embeddable":true,"href":"https:\/\/szopbierun.pl\/index.php\/wp-json\/wp\/v2\/users\/1"}],"replies":[{"embeddable":true,"href":"https:\/\/szopbierun.pl\/index.php\/wp-json\/wp\/v2\/comments?post=196"}],"version-history":[{"count":43,"href":"https:\/\/szopbierun.pl\/index.php\/wp-json\/wp\/v2\/pages\/196\/revisions"}],"predecessor-version":[{"id":613,"href":"https:\/\/szopbierun.pl\/index.php\/wp-json\/wp\/v2\/pages\/196\/revisions\/613"}],"wp:attachment":[{"href":"https:\/\/szopbierun.pl\/index.php\/wp-json\/wp\/v2\/media?parent=196"}],"curies":[{"name":"wp","href":"https:\/\/api.w.org\/{rel}","templated":true}]}}